{"id":186,"date":"2024-01-22T17:31:36","date_gmt":"2024-01-22T17:31:36","guid":{"rendered":"https:\/\/lammhattenhofen.de\/?page_id=186"},"modified":"2026-04-11T14:12:27","modified_gmt":"2026-04-11T14:12:27","slug":"ueber-uns","status":"publish","type":"page","link":"https:\/\/lammhattenhofen.de\/?page_id=186","title":{"rendered":"\u00dcber uns"},"content":{"rendered":"\t\t<div data-elementor-type=\"wp-page\" data-elementor-id=\"186\" class=\"elementor elementor-186\" data-elementor-post-type=\"page\">\n\t\t\t\t<div class=\"elementor-element elementor-element-6804314 e-con-full e-flex e-con e-child\" data-id=\"6804314\" data-element_type=\"container\" data-e-type=\"container\" data-settings=\"{&quot;background_background&quot;:&quot;classic&quot;}\">\n\t\t\t\t<div class=\"elementor-element elementor-element-6b32d58 elementor-widget elementor-widget-text-editor\" data-id=\"6b32d58\" data-element_type=\"widget\" data-e-type=\"widget\" data-widget_type=\"text-editor.default\">\n\t\t\t\t<div class=\"elementor-widget-container\">\n\t\t\t\t\t\t\t\t\t<p>\u00dcber UNS<\/p>\t\t\t\t\t\t\t\t<\/div>\n\t\t\t\t<\/div>\n\t\t\t\t<\/div>\n\t\t<div class=\"elementor-element elementor-element-64a3782 e-flex e-con-boxed e-con e-parent\" data-id=\"64a3782\" data-element_type=\"container\" data-e-type=\"container\" data-settings=\"{&quot;background_background&quot;:&quot;classic&quot;}\">\n\t\t\t\t\t<div class=\"e-con-inner\">\n\t\t\t\t\t<\/div>\n\t\t\t\t<\/div>\n\t\t<div class=\"elementor-element elementor-element-0d9ae3f e-con-full e-flex e-con e-parent\" data-id=\"0d9ae3f\" data-element_type=\"container\" data-e-type=\"container\" data-settings=\"{&quot;background_background&quot;:&quot;classic&quot;}\">\n\t\t<div class=\"elementor-element elementor-element-bf7e3c9 e-con-full e-flex e-con e-child\" data-id=\"bf7e3c9\" data-element_type=\"container\" data-e-type=\"container\" id=\"Gastgeber\">\n\t\t\t\t<div class=\"elementor-element elementor-element-7cdff87 elementor-widget__width-initial animated-slow elementor-headline--style-highlight elementor-invisible elementor-widget elementor-widget-animated-headline\" data-id=\"7cdff87\" data-element_type=\"widget\" data-e-type=\"widget\" data-settings=\"{&quot;marker&quot;:&quot;underline&quot;,&quot;highlighted_text&quot;:&quot;Gastgeber&quot;,&quot;_animation&quot;:&quot;pulse&quot;,&quot;headline_style&quot;:&quot;highlight&quot;,&quot;highlight_animation_duration&quot;:1200}\" data-widget_type=\"animated-headline.default\">\n\t\t\t\t<div class=\"elementor-widget-container\">\n\t\t\t\t\t\t\t<h1 class=\"elementor-headline\">\n\t\t\t\t\t<span class=\"elementor-headline-plain-text elementor-headline-text-wrapper\">Die <\/span>\n\t\t\t\t<span class=\"elementor-headline-dynamic-wrapper elementor-headline-text-wrapper\">\n\t\t\t\t\t<span class=\"elementor-headline-dynamic-text elementor-headline-text-active\">Gastgeber<\/span>\n\t\t\t\t<\/span>\n\t\t\t\t<\/h1>\n\t\t\t\t\t\t<\/div>\n\t\t\t\t<\/div>\n\t\t\t\t<\/div>\n\t\t\t\t<\/div>\n\t\t<div class=\"elementor-element elementor-element-09d9ebe e-flex e-con-boxed e-con e-parent\" data-id=\"09d9ebe\" data-element_type=\"container\" data-e-type=\"container\" data-settings=\"{&quot;background_background&quot;:&quot;classic&quot;}\">\n\t\t\t\t\t<div class=\"e-con-inner\">\n\t\t<div class=\"elementor-element elementor-element-30cee4b e-con-full e-flex e-con e-child\" data-id=\"30cee4b\" data-element_type=\"container\" data-e-type=\"container\">\n\t\t\t\t<div class=\"elementor-element elementor-element-bcadd47 elementor-widget__width-initial elementor-widget elementor-widget-text-editor\" data-id=\"bcadd47\" data-element_type=\"widget\" data-e-type=\"widget\" data-widget_type=\"text-editor.default\">\n\t\t\t\t<div class=\"elementor-widget-container\">\n\t\t\t\t\t\t\t\t\t<p>Hallo,<\/p><p>wir freuen uns \u00fcber Ihr Interesse und dass Sie hier bei uns auf der Homepage vorbeischauen. Wir hoffen, Sie bald bei uns im Landgasthof Lamm in Hattenhofen begr\u00fc\u00dfen zu d\u00fcrfen.<\/p><p>Wir m\u00f6chten im Lamm ein Gasthaus nach unseren Vorstellungen schaffen. Ein Ort, an den man gerne geht, um den gro\u00dfen und den kleinen Hunger zu stillen. Aber auch f\u00fcr Treffen, f\u00fcr Feiern, f\u00fcr Familie und Freunde.<\/p><p>In unserer K\u00fcche werden saisonale und regionale Produkte zu klassischen, schw\u00e4bischen Gerichten verarbeitet.\u00a0 Gleichzeitig m\u00f6chten wir diese Gerichte auch neu, modern und nach unserem Verst\u00e4ndnis interpretiert auf Ihren Teller bringen.<\/p><p>Wir freuen uns, Sie auf diese Reise mitnehmen zu d\u00fcrfen.<\/p><p>WIR SIND:<\/p><p>NANA<br \/>ich bin in Hattenhofen aufgewachsen und habe durch meinen Aushilfsjob w\u00e4hrend der Schulzeit im Lamm die Leidenschaft zur Gastronomie entdeckt. Nachdem ich meine Ausbildung zur K\u00f6chin mit Zusatzqualifikation \u201eK\u00fcchen- und Servicemanagement\u201c bei Christoph in Ulm abgeschlossen habe, habe ich noch meinen Bachelor in BWL gemacht. Jedoch hat es mich sehr schnell wieder in die Gastronomie zur\u00fcckgezogen. Anschlie\u00dfend habe ich die Kochschule \u201eSiedepunkt Lehrwerkstatt\u201c in Ulm geleitet. Um weitere Erfahrungen zu sammeln, habe ich noch ein paar Monate im Oberschw\u00e4bischen Hof in Schwendi im Service gearbeitet.<\/p><p>und CHRISTOPH<br \/>ich bin in Kronberg im Taunus aufgewachsen. Nach ein paar Umwegen habe ich nach abgeschlossener \u00a0Kochausbildung die Meisterpr\u00fcfung in Bad \u00dcberkingen mit Erfolg abgelegt.<br \/>Erfolgreich habe ich in Ulm das Restaurant \u201eSiedepunkt\u201c als K\u00fcchenchef zu einem Stern Guide Michelin gef\u00fchrt. In den letzten Jahren war ich noch f\u00fcr weitere Hotels und Restaurants als gastronomischer Leiter t\u00e4tig.<\/p><p>Irgendwann haben wir beschlossen, ab nun gemeinsam durchs Leben zu gehen. Nachdem das Vorp\u00e4chter Ehepaar Siller bekannt gab, dass sie das Lamm nicht weiter betreiben werden, kam die Idee und der Entschluss, dieses Projekt gemeinsam anzugehen, recht schnell. Auch die Gemeinde, als Verp\u00e4chter, hat uns als neue P\u00e4chter schnell den Zuspruch gegeben.<\/p><p>Ab dem 17. M\u00e4rz 2024 k\u00f6nnen wir nun die T\u00fcren des Lamms nach ausgiebigen Renovierungsma\u00dfnahmen \u00f6ffnen.<\/p><p>Auf ganz bald,<br \/>Nana und Christoph Hormel<\/p>\t\t\t\t\t\t\t\t<\/div>\n\t\t\t\t<\/div>\n\t\t\t\t<\/div>\n\t\t<div class=\"elementor-element elementor-element-66eb807 e-con-full e-flex e-con e-child\" data-id=\"66eb807\" data-element_type=\"container\" data-e-type=\"container\">\n\t\t\t\t<div class=\"elementor-element elementor-element-6259668 elementor-widget__width-initial elementor-widget elementor-widget-image\" data-id=\"6259668\" data-element_type=\"widget\" data-e-type=\"widget\" data-widget_type=\"image.default\">\n\t\t\t\t<div class=\"elementor-widget-container\">\n\t\t\t\t\t\t\t\t\t\t\t\t\t\t\t<img fetchpriority=\"high\" decoding=\"async\" width=\"660\" height=\"1146\" src=\"https:\/\/lammhattenhofen.de\/wp-content\/uploads\/2023\/10\/IMG-20211207-WA0000.jpg\" class=\"attachment-full size-full wp-image-11\" alt=\"\" srcset=\"https:\/\/lammhattenhofen.de\/wp-content\/uploads\/2023\/10\/IMG-20211207-WA0000.jpg 660w, https:\/\/lammhattenhofen.de\/wp-content\/uploads\/2023\/10\/IMG-20211207-WA0000-173x300.jpg 173w, https:\/\/lammhattenhofen.de\/wp-content\/uploads\/2023\/10\/IMG-20211207-WA0000-590x1024.jpg 590w\" sizes=\"(max-width: 660px) 100vw, 660px\" \/>\t\t\t\t\t\t\t\t\t\t\t\t\t\t\t<\/div>\n\t\t\t\t<\/div>\n\t\t\t\t<\/div>\n\t\t\t\t\t<\/div>\n\t\t\t\t<\/div>\n\t\t<div class=\"elementor-element elementor-element-3b1dd21 e-flex e-con-boxed e-con e-parent\" data-id=\"3b1dd21\" data-element_type=\"container\" data-e-type=\"container\" data-settings=\"{&quot;background_background&quot;:&quot;classic&quot;}\">\n\t\t\t\t\t<div class=\"e-con-inner\">\n\t\t\t\t\t<\/div>\n\t\t\t\t<\/div>\n\t\t<div class=\"elementor-element elementor-element-48e55f6 e-flex e-con-boxed e-con e-parent\" data-id=\"48e55f6\" data-element_type=\"container\" data-e-type=\"container\" data-settings=\"{&quot;background_background&quot;:&quot;classic&quot;}\">\n\t\t\t\t\t<div class=\"e-con-inner\">\n\t\t<div class=\"elementor-element elementor-element-bd5b9df e-con-full e-flex e-con e-child\" data-id=\"bd5b9df\" data-element_type=\"container\" data-e-type=\"container\">\n\t\t<div class=\"elementor-element elementor-element-16b3d9c e-con-full e-flex e-con e-child\" data-id=\"16b3d9c\" data-element_type=\"container\" data-e-type=\"container\" data-settings=\"{&quot;background_background&quot;:&quot;classic&quot;}\">\n\t\t\t\t<div class=\"elementor-element elementor-element-c2ddd4d elementor-widget elementor-widget-text-editor\" data-id=\"c2ddd4d\" data-element_type=\"widget\" data-e-type=\"widget\" data-widget_type=\"text-editor.default\">\n\t\t\t\t<div class=\"elementor-widget-container\">\n\t\t\t\t\t\t\t\t\t<p>Newsletter<\/p>\t\t\t\t\t\t\t\t<\/div>\n\t\t\t\t<\/div>\n\t\t\t\t<\/div>\n\t\t\t\t<\/div>\n\t\t<div class=\"elementor-element elementor-element-643841b e-con-full e-flex e-con e-child\" data-id=\"643841b\" data-element_type=\"container\" data-e-type=\"container\">\n\t\t\t\t<div class=\"elementor-element elementor-element-015574b elementor-widget__width-initial elementor-widget elementor-widget-image\" data-id=\"015574b\" data-element_type=\"widget\" data-e-type=\"widget\" data-widget_type=\"image.default\">\n\t\t\t\t<div class=\"elementor-widget-container\">\n\t\t\t\t\t\t\t\t\t\t\t\t\t\t\t<img decoding=\"async\" src=\"https:\/\/lammhattenhofen.de\/wp-content\/uploads\/elementor\/thumbs\/ajsdoelkfasoed-rklffvd2egtsl8kwf03z2e1x8421uzy7drr9tarb9m.jpg\" title=\"ajsd\u00f6lkfas\u00f6d\" alt=\"Kopie von Kopie von Kopie von Kopie von Kopie von Kopie von Kopie von Kopie von Kopie von Kopie von Kopie von Kopie von Kopie von Kopie von Kopie von Kopie von Mittagstisch - 3\" loading=\"lazy\" \/>\t\t\t\t\t\t\t\t\t\t\t\t\t\t\t<\/div>\n\t\t\t\t<\/div>\n\t\t\t\t<\/div>\n\t\t<div class=\"elementor-element elementor-element-b6a865d e-con-full e-flex e-con e-child\" data-id=\"b6a865d\" data-element_type=\"container\" data-e-type=\"container\">\n\t\t<div class=\"elementor-element elementor-element-fb960c6 e-con-full e-flex e-con e-child\" data-id=\"fb960c6\" data-element_type=\"container\" data-e-type=\"container\" data-settings=\"{&quot;background_background&quot;:&quot;classic&quot;}\">\n\t\t\t\t<div class=\"elementor-element elementor-element-95fdbba elementor-widget__width-inherit elementor-widget elementor-widget-text-editor\" data-id=\"95fdbba\" data-element_type=\"widget\" data-e-type=\"widget\" data-widget_type=\"text-editor.default\">\n\t\t\t\t<div class=\"elementor-widget-container\">\n\t\t\t\t\t\t\t\t\t<p>Sie m\u00f6chten immer als erstes \u00fcber unseren w\u00f6chentlichen Mittagstisch oder \u00fcber unsere bevorstehende Men\u00fcabend informiert sein?<\/p><p>Dann melden Sie sich bei unserem Newsletter an.<\/p>\t\t\t\t\t\t\t\t<\/div>\n\t\t\t\t<\/div>\n\t\t\t\t<div class=\"elementor-element elementor-element-8f3ce06 elementor-align-center elementor-widget__width-inherit elementor-widget elementor-widget-button\" data-id=\"8f3ce06\" data-element_type=\"widget\" data-e-type=\"widget\" data-widget_type=\"button.default\">\n\t\t\t\t<div class=\"elementor-widget-container\">\n\t\t\t\t\t\t\t\t\t<div class=\"elementor-button-wrapper\">\n\t\t\t\t\t<a class=\"elementor-button elementor-button-link elementor-size-sm\" href=\"https:\/\/0c3c7dda.sibforms.com\/serve\/MUIFAO7Y4_dH6jUWaop7CYyP7Z7H82FMcFwOm0PkGEJS8ClTZK67QWSXfEzzaDpbfM5QieZDkPAv9d1-1tDeve00AXcq3E6FBdjvOaBTbglhUvgHNtkyk19FI1SHuemOjw9imhhE77w3mUWuh1F8bjYUgXHlhfYR65lsutGBv9e3MC2AqHLTMQ5vtQ7DG035O71FnShs1Haplhd4\">\n\t\t\t\t\t\t<span class=\"elementor-button-content-wrapper\">\n\t\t\t\t\t\t\t\t\t<span class=\"elementor-button-text\">JETZT Zum newsletter ANMELDEN<\/span>\n\t\t\t\t\t<\/span>\n\t\t\t\t\t<\/a>\n\t\t\t\t<\/div>\n\t\t\t\t\t\t\t\t<\/div>\n\t\t\t\t<\/div>\n\t\t\t\t<\/div>\n\t\t\t\t<\/div>\n\t\t\t\t\t<\/div>\n\t\t\t\t<\/div>\n\t\t<div class=\"elementor-element elementor-element-198143f e-flex e-con-boxed e-con e-parent\" data-id=\"198143f\" data-element_type=\"container\" data-e-type=\"container\" data-settings=\"{&quot;background_background&quot;:&quot;classic&quot;}\">\n\t\t\t\t\t<div class=\"e-con-inner\">\n\t\t\t\t\t<\/div>\n\t\t\t\t<\/div>\n\t\t\t\t<\/div>\n\t\t","protected":false},"excerpt":{"rendered":"<p>\u00dcber UNS Die Gastgeber Hallo, wir freuen uns \u00fcber Ihr Interesse und dass Sie hier bei uns auf der Homepage vorbeischauen. Wir hoffen, Sie bald bei uns im Landgasthof Lamm in Hattenhofen begr\u00fc\u00dfen zu d\u00fcrfen. Wir m\u00f6chten im Lamm ein Gasthaus nach unseren Vorstellungen schaffen. Ein Ort, an den man gerne geht, um den gro\u00dfen [&hellip;]<\/p>\n","protected":false},"author":1,"featured_media":0,"parent":0,"menu_order":0,"comment_status":"closed","ping_status":"closed","template":"","meta":{"ocean_post_layout":"full-screen","ocean_both_sidebars_style":"","ocean_both_sidebars_content_width":0,"ocean_both_sidebars_sidebars_width":0,"ocean_sidebar":"","ocean_second_sidebar":"","ocean_disable_margins":"enable","ocean_add_body_class":"","ocean_shortcode_before_top_bar":"","ocean_shortcode_after_top_bar":"","ocean_shortcode_before_header":"","ocean_shortcode_after_header":"","ocean_has_shortcode":"","ocean_shortcode_after_title":"","ocean_shortcode_before_footer_widgets":"","ocean_shortcode_after_footer_widgets":"","ocean_shortcode_before_footer_bottom":"","ocean_shortcode_after_footer_bottom":"","ocean_display_top_bar":"off","ocean_display_header":"default","ocean_header_style":"","ocean_center_header_left_menu":"","ocean_custom_header_template":"","ocean_custom_logo":0,"ocean_custom_retina_logo":0,"ocean_custom_logo_max_width":0,"ocean_custom_logo_tablet_max_width":0,"ocean_custom_logo_mobile_max_width":0,"ocean_custom_logo_max_height":0,"ocean_custom_logo_tablet_max_height":0,"ocean_custom_logo_mobile_max_height":0,"ocean_header_custom_menu":"","ocean_menu_typo_font_family":"","ocean_menu_typo_font_subset":"","ocean_menu_typo_font_size":0,"ocean_menu_typo_font_size_tablet":0,"ocean_menu_typo_font_size_mobile":0,"ocean_menu_typo_font_size_unit":"px","ocean_menu_typo_font_weight":"","ocean_menu_typo_font_weight_tablet":"","ocean_menu_typo_font_weight_mobile":"","ocean_menu_typo_transform":"","ocean_menu_typo_transform_tablet":"","ocean_menu_typo_transform_mobile":"","ocean_menu_typo_line_height":0,"ocean_menu_typo_line_height_tablet":0,"ocean_menu_typo_line_height_mobile":0,"ocean_menu_typo_line_height_unit":"","ocean_menu_typo_spacing":0,"ocean_menu_typo_spacing_tablet":0,"ocean_menu_typo_spacing_mobile":0,"ocean_menu_typo_spacing_unit":"","ocean_menu_link_color":"","ocean_menu_link_color_hover":"","ocean_menu_link_color_active":"","ocean_menu_link_background":"","ocean_menu_link_hover_background":"","ocean_menu_link_active_background":"","ocean_menu_social_links_bg":"","ocean_menu_social_hover_links_bg":"","ocean_menu_social_links_color":"","ocean_menu_social_hover_links_color":"","ocean_disable_title":"on","ocean_disable_heading":"default","ocean_post_title":"","ocean_post_subheading":"","ocean_post_title_style":"","ocean_post_title_background_color":"","ocean_post_title_background":0,"ocean_post_title_bg_image_position":"","ocean_post_title_bg_image_attachment":"","ocean_post_title_bg_image_repeat":"","ocean_post_title_bg_image_size":"","ocean_post_title_height":0,"ocean_post_title_bg_overlay":0.5,"ocean_post_title_bg_overlay_color":"","ocean_disable_breadcrumbs":"default","ocean_breadcrumbs_color":"","ocean_breadcrumbs_separator_color":"","ocean_breadcrumbs_links_color":"","ocean_breadcrumbs_links_hover_color":"","ocean_display_footer_widgets":"off","ocean_display_footer_bottom":"off","ocean_custom_footer_template":"","footnotes":""},"class_list":["post-186","page","type-page","status-publish","hentry","entry"],"_links":{"self":[{"href":"https:\/\/lammhattenhofen.de\/index.php?rest_route=\/wp\/v2\/pages\/186","targetHints":{"allow":["GET"]}}],"collection":[{"href":"https:\/\/lammhattenhofen.de\/index.php?rest_route=\/wp\/v2\/pages"}],"about":[{"href":"https:\/\/lammhattenhofen.de\/index.php?rest_route=\/wp\/v2\/types\/page"}],"author":[{"embeddable":true,"href":"https:\/\/lammhattenhofen.de\/index.php?rest_route=\/wp\/v2\/users\/1"}],"replies":[{"embeddable":true,"href":"https:\/\/lammhattenhofen.de\/index.php?rest_route=%2Fwp%2Fv2%2Fcomments&post=186"}],"version-history":[{"count":219,"href":"https:\/\/lammhattenhofen.de\/index.php?rest_route=\/wp\/v2\/pages\/186\/revisions"}],"predecessor-version":[{"id":4057,"href":"https:\/\/lammhattenhofen.de\/index.php?rest_route=\/wp\/v2\/pages\/186\/revisions\/4057"}],"wp:attachment":[{"href":"https:\/\/lammhattenhofen.de\/index.php?rest_route=%2Fwp%2Fv2%2Fmedia&parent=186"}],"curies":[{"name":"wp","href":"https:\/\/api.w.org\/{rel}","templated":true}]}}